{"id":139,"date":"2017-11-03T21:04:30","date_gmt":"2017-11-03T21:04:30","guid":{"rendered":"https:\/\/vox-nostra.com\/?page_id=139"},"modified":"2021-04-22T07:52:13","modified_gmt":"2021-04-22T07:52:13","slug":"burkard-wehner-bariton-kuenstlerische-leitung","status":"publish","type":"page","link":"https:\/\/vox-nostra.com\/en\/bio\/einzelvitae\/burkard-wehner-bariton-kuenstlerische-leitung\/","title":{"rendered":"Burkard Wehner &#8211; Bariton &#038; k\u00fcnstlerische Leitung"},"content":{"rendered":"<p style=\"text-align: left;\"><span style=\"font-size: small;\"><img loading=\"lazy\" decoding=\"async\" class=\"size-medium wp-image-358 alignleft\" src=\"https:\/\/vox-nostra.com\/wp-content\/uploads\/sites\/3\/2017\/11\/Burkard2017_.jpg-1-200x300.png\" alt=\"\" width=\"200\" height=\"300\" \/>Geboren in Steinach an der Saale\/Unterfranken. Studium der Germanistik und der Theologie an der Julius-Maximilian Universit\u00e4t W\u00fcrzburg. Spezialstudium &#8220;Vokalmusik des Mittelalters und der Renaissance&#8221; und Studium der Musikwissenschaft am Brabant Konservatorium in Tilburg, Holland. Internationale Meisterkurse u.a. bei Andrea von Ramm, Jill Feldman, Marcel P\u00e9r\u00e8s und Pedro Memelsdorff. Solistische T\u00e4tigkeit als S\u00e4nger auf zahlreichen internationalen Festivals in Polen, Holland, \u00d6sterreich, Frankreich und Deutschland. Musikalischer Berater f\u00fcr zahlreiche Ensembles mittelalterlicher Musik. Lehrt\u00e4tigkeit im Bereich der Musiksoziologie an der Humboldt-Universit\u00e4t Berlin. Workshops und Seminare zu Interpretation und Auff\u00fchrungspraxis der Vokalmusik des Mittelalters. Regiearbeit f\u00fcr die Barockoper ZENOBIA von Tommaso Albinoni von 1694 f\u00fcr die syrische Nationaloper Damaskus im Rahmen der Kulturhauptstadt Damaskus 2008. Mitglied des Wissenschaftlichen Beirats 2014 und Katalogbeitr\u00e4ge f\u00fcr die Gro\u00dfe Landesausstellung in Konstanz: &#8220;Das Konstanzer Konzil &#8211; Weltereignis des Mittelalters 1414-1418&#8221;. Vokalmusik f\u00fcr die Audioguides zu Ausstellungen in den ehemaligen Zisterzienser-Kl\u00f6stern Chorin (Brandenburg) und Salem (Bodenseekreis). Umfangreiche wissenschaftliche T\u00e4tigkeiten im Bereich der Quellenforschung mittelalterlicher Musikhandschriften. Lebt und arbeitet in Berlin.<\/span><\/p>\n","protected":false},"excerpt":{"rendered":"<p>Geboren in Steinach an der Saale\/Unterfranken. Studium der Germanistik und der Theologie an der Julius-Maximilian Universit\u00e4t W\u00fcrzburg. Spezialstudium &#8220;Vokalmusik des Mittelalters und der Renaissance&#8221; und Studium der Musikwissenschaft am Brabant Konservatorium in Tilburg, Holland. Internationale Meisterkurse u.a. bei Andrea von Ramm, Jill Feldman, Marcel P\u00e9r\u00e8s und Pedro Memelsdorff. Solistische T\u00e4tigkeit als S\u00e4nger auf zahlreichen internationalen [&hellip;]<\/p>\n","protected":false},"author":2,"featured_media":0,"parent":69,"menu_order":0,"comment_status":"closed","ping_status":"closed","template":"","meta":{"footnotes":""},"class_list":["post-139","page","type-page","status-publish","hentry"],"_links":{"self":[{"href":"https:\/\/vox-nostra.com\/en\/wp-json\/wp\/v2\/pages\/139"}],"collection":[{"href":"https:\/\/vox-nostra.com\/en\/wp-json\/wp\/v2\/pages"}],"about":[{"href":"https:\/\/vox-nostra.com\/en\/wp-json\/wp\/v2\/types\/page"}],"author":[{"embeddable":true,"href":"https:\/\/vox-nostra.com\/en\/wp-json\/wp\/v2\/users\/2"}],"replies":[{"embeddable":true,"href":"https:\/\/vox-nostra.com\/en\/wp-json\/wp\/v2\/comments?post=139"}],"version-history":[{"count":9,"href":"https:\/\/vox-nostra.com\/en\/wp-json\/wp\/v2\/pages\/139\/revisions"}],"predecessor-version":[{"id":367,"href":"https:\/\/vox-nostra.com\/en\/wp-json\/wp\/v2\/pages\/139\/revisions\/367"}],"up":[{"embeddable":true,"href":"https:\/\/vox-nostra.com\/en\/wp-json\/wp\/v2\/pages\/69"}],"wp:attachment":[{"href":"https:\/\/vox-nostra.com\/en\/wp-json\/wp\/v2\/media?parent=139"}],"curies":[{"name":"wp","href":"https:\/\/api.w.org\/{rel}","templated":true}]}}