{"id":141,"date":"2017-11-03T21:05:26","date_gmt":"2017-11-03T21:05:26","guid":{"rendered":"https:\/\/vox-nostra.com\/?page_id=141"},"modified":"2017-11-22T15:12:33","modified_gmt":"2017-11-22T15:12:33","slug":"tobias-oliver-hagge-bass","status":"publish","type":"page","link":"https:\/\/vox-nostra.com\/en\/bio\/einzelvitae\/tobias-oliver-hagge-bass\/","title":{"rendered":"Tobias Oliver Hagge &#8211; Bass"},"content":{"rendered":"<p><span style=\"font-size: small;\"><img loading=\"lazy\" decoding=\"async\" class=\"size-medium wp-image-393 alignleft\" src=\"https:\/\/vox-nostra.com\/wp-content\/uploads\/sites\/3\/2017\/11\/2016-08-13-Portrait-Tobias-035-Kopie-236x300.jpg\" alt=\"\" width=\"236\" height=\"300\" srcset=\"https:\/\/vox-nostra.com\/en\/wp-content\/uploads\/sites\/3\/2017\/11\/2016-08-13-Portrait-Tobias-035-Kopie-236x300.jpg 236w, https:\/\/vox-nostra.com\/en\/wp-content\/uploads\/sites\/3\/2017\/11\/2016-08-13-Portrait-Tobias-035-Kopie-768x977.jpg 768w, https:\/\/vox-nostra.com\/en\/wp-content\/uploads\/sites\/3\/2017\/11\/2016-08-13-Portrait-Tobias-035-Kopie-805x1024.jpg 805w, https:\/\/vox-nostra.com\/en\/wp-content\/uploads\/sites\/3\/2017\/11\/2016-08-13-Portrait-Tobias-035-Kopie.jpg 960w\" sizes=\"(max-width: 236px) 100vw, 236px\" \/>Geboren in Husum. Studierte Gesang \u2013 und Gesangsp\u00e4dagogik an der HfM \u201eHanns Eisler\u201c Berlin. Bereits w\u00e4hrend seines Studiums Mitglied des Ensembles der Komischen Oper Berlin, rund 250 Vorstellungen (u.a. Masetto, Polizeikomissar). Nachwuchsk\u00fcnstler 2008 bei der Kritiker-Umfrage der Zeitschrift &#8220;Opernwelt&#8221; f\u00fcr seine Interpretation von Mozarts Osmin am Hebbel-Theater. Mit seinem Repertoire von inzwischen 35 Partien, wie z.B. Figaro, Graf Almaviva, Tonio, Doktor(Wozzeck), Polyphemus, zu Gast an H\u00e4usern wie u.a. Teatro Nacional Brasilia, Polnische Staatsoper Warschau, Operadage Rotterdam, M\u00fcnchner Kammerspiele. Als Konzerts\u00e4nger t\u00e4tig in fast ganz Europa (u.a. Philharmonie Berlin, Concertgebouw Amsterdam, Palau da Musica Valencia, Bartok Halle Budapest, Salle Pleyel Paris, Rheingau Musikfestival, Schleswig-Holstein-Musikfestival, Musikfestival Mecklenburg-Vorpommern) und in Brasilien. Zusammenarbeit mit Dirigenten wie Kirill Petrenko, Ton Koopman, Matthias Foremny, Friedemann Layer, Franck Ollu, Justus Frantz, Michael Jurowsky und Regisseuren wie Calixto Bieito, Andreas Homoki, Dietrich Hilsdorf ,Richard Jones, Florian Lutz, Thilo Reinhardt, Barbara Wysocka und Michal Zadara. Seit 2008 ist Tobias Hagge freischaffend t\u00e4tig und lebt in Berlin.<\/span><\/p>\n","protected":false},"excerpt":{"rendered":"<p>Geboren in Husum. Studierte Gesang \u2013 und Gesangsp\u00e4dagogik an der HfM \u201eHanns Eisler\u201c Berlin. Bereits w\u00e4hrend seines Studiums Mitglied des Ensembles der Komischen Oper Berlin, rund 250 Vorstellungen (u.a. Masetto, Polizeikomissar). Nachwuchsk\u00fcnstler 2008 bei der Kritiker-Umfrage der Zeitschrift &#8220;Opernwelt&#8221; f\u00fcr seine Interpretation von Mozarts Osmin am Hebbel-Theater. Mit seinem Repertoire von inzwischen 35 Partien, wie [&hellip;]<\/p>\n","protected":false},"author":2,"featured_media":0,"parent":69,"menu_order":0,"comment_status":"closed","ping_status":"closed","template":"","meta":{"footnotes":""},"class_list":["post-141","page","type-page","status-publish","hentry"],"_links":{"self":[{"href":"https:\/\/vox-nostra.com\/en\/wp-json\/wp\/v2\/pages\/141"}],"collection":[{"href":"https:\/\/vox-nostra.com\/en\/wp-json\/wp\/v2\/pages"}],"about":[{"href":"https:\/\/vox-nostra.com\/en\/wp-json\/wp\/v2\/types\/page"}],"author":[{"embeddable":true,"href":"https:\/\/vox-nostra.com\/en\/wp-json\/wp\/v2\/users\/2"}],"replies":[{"embeddable":true,"href":"https:\/\/vox-nostra.com\/en\/wp-json\/wp\/v2\/comments?post=141"}],"version-history":[{"count":7,"href":"https:\/\/vox-nostra.com\/en\/wp-json\/wp\/v2\/pages\/141\/revisions"}],"predecessor-version":[{"id":428,"href":"https:\/\/vox-nostra.com\/en\/wp-json\/wp\/v2\/pages\/141\/revisions\/428"}],"up":[{"embeddable":true,"href":"https:\/\/vox-nostra.com\/en\/wp-json\/wp\/v2\/pages\/69"}],"wp:attachment":[{"href":"https:\/\/vox-nostra.com\/en\/wp-json\/wp\/v2\/media?parent=141"}],"curies":[{"name":"wp","href":"https:\/\/api.w.org\/{rel}","templated":true}]}}