{"id":143,"date":"2017-11-03T21:06:02","date_gmt":"2017-11-03T21:06:02","guid":{"rendered":"https:\/\/vox-nostra.com\/?page_id=143"},"modified":"2017-11-22T15:11:58","modified_gmt":"2017-11-22T15:11:58","slug":"philipp-cieslewicz-altus","status":"publish","type":"page","link":"https:\/\/vox-nostra.com\/en\/bio\/einzelvitae\/philipp-cieslewicz-altus\/","title":{"rendered":"Philipp Cieslewicz &#8211; Altus"},"content":{"rendered":"<p><img loading=\"lazy\" decoding=\"async\" class=\"size-medium wp-image-395 alignleft\" src=\"https:\/\/vox-nostra.com\/wp-content\/uploads\/sites\/3\/2017\/11\/Phipsi-212x300.jpg\" alt=\"\" width=\"212\" height=\"300\" srcset=\"https:\/\/vox-nostra.com\/en\/wp-content\/uploads\/sites\/3\/2017\/11\/Phipsi-212x300.jpg 212w, https:\/\/vox-nostra.com\/en\/wp-content\/uploads\/sites\/3\/2017\/11\/Phipsi-768x1086.jpg 768w, https:\/\/vox-nostra.com\/en\/wp-content\/uploads\/sites\/3\/2017\/11\/Phipsi-724x1024.jpg 724w, https:\/\/vox-nostra.com\/en\/wp-content\/uploads\/sites\/3\/2017\/11\/Phipsi.jpg 1125w\" sizes=\"(max-width: 212px) 100vw, 212px\" \/>Geboren und aufgewachsen in M\u00fcnchen. Von 1985 &#8211; 1991 Mitglied des T\u00f6lzer Knabenchores (zahlreiche Auftritte im In- und Ausland als Solist u.a. mit Claudio Abbado, George Solti, Leonard Bernstein). Von 1998 &#8211; 2003 Jazzklavier-Studium am Richard-Strauss-Konservatorium M\u00fcnchen und an der HfM Franz Liszt Weimar. Privater Gesangsunterricht u.a bei Gundula Anders, Leipzig und Regina Jakobi, Berlin. Regelm\u00e4\u00dfiges Mitglied im Kammerchor Stuttgart, Vocalconsort Berlin und Vocalensemble Rastatt. Lehrt\u00e4tigkeit an der HfM \u201eFranz Liszt\u201c Weimar und an der HMTM Hannover. Seit 2004 in Berlin lebend als freischaffender Pianist und S\u00e4nger.<br \/>\n<span style=\"font-size: small;\"><img loading=\"lazy\" decoding=\"async\" class=\"size-medium wp-image-243 alignleft\" src=\"https:\/\/vox-nostra.com\/wp-content\/uploads\/sites\/3\/2017\/11\/Image-1-1-227x300.jpg\" alt=\"\" width=\"227\" height=\"300\" \/> <\/span><\/p>\n","protected":false},"excerpt":{"rendered":"<p>Geboren und aufgewachsen in M\u00fcnchen. Von 1985 &#8211; 1991 Mitglied des T\u00f6lzer Knabenchores (zahlreiche Auftritte im In- und Ausland als Solist u.a. mit Claudio Abbado, George Solti, Leonard Bernstein). Von 1998 &#8211; 2003 Jazzklavier-Studium am Richard-Strauss-Konservatorium M\u00fcnchen und an der HfM Franz Liszt Weimar. Privater Gesangsunterricht u.a bei Gundula Anders, Leipzig und Regina Jakobi, Berlin. [&hellip;]<\/p>\n","protected":false},"author":2,"featured_media":0,"parent":69,"menu_order":0,"comment_status":"closed","ping_status":"closed","template":"","meta":{"footnotes":""},"class_list":["post-143","page","type-page","status-publish","hentry"],"_links":{"self":[{"href":"https:\/\/vox-nostra.com\/en\/wp-json\/wp\/v2\/pages\/143"}],"collection":[{"href":"https:\/\/vox-nostra.com\/en\/wp-json\/wp\/v2\/pages"}],"about":[{"href":"https:\/\/vox-nostra.com\/en\/wp-json\/wp\/v2\/types\/page"}],"author":[{"embeddable":true,"href":"https:\/\/vox-nostra.com\/en\/wp-json\/wp\/v2\/users\/2"}],"replies":[{"embeddable":true,"href":"https:\/\/vox-nostra.com\/en\/wp-json\/wp\/v2\/comments?post=143"}],"version-history":[{"count":8,"href":"https:\/\/vox-nostra.com\/en\/wp-json\/wp\/v2\/pages\/143\/revisions"}],"predecessor-version":[{"id":427,"href":"https:\/\/vox-nostra.com\/en\/wp-json\/wp\/v2\/pages\/143\/revisions\/427"}],"up":[{"embeddable":true,"href":"https:\/\/vox-nostra.com\/en\/wp-json\/wp\/v2\/pages\/69"}],"wp:attachment":[{"href":"https:\/\/vox-nostra.com\/en\/wp-json\/wp\/v2\/media?parent=143"}],"curies":[{"name":"wp","href":"https:\/\/api.w.org\/{rel}","templated":true}]}}