{"id":145,"date":"2017-11-03T21:06:26","date_gmt":"2017-11-03T21:06:26","guid":{"rendered":"https:\/\/vox-nostra.com\/?page_id=145"},"modified":"2023-12-13T14:55:24","modified_gmt":"2023-12-13T14:55:24","slug":"christoph-burmester-tenor","status":"publish","type":"page","link":"https:\/\/vox-nostra.com\/en\/bio\/einzelvitae\/zusaetzliche-saengerinnen\/christoph-burmester-tenor\/","title":{"rendered":"Christoph Burmester &#8211; Tenor"},"content":{"rendered":"<p><img loading=\"lazy\" decoding=\"async\" class=\"size-medium wp-image-366 alignleft\" src=\"https:\/\/vox-nostra.com\/wp-content\/uploads\/sites\/3\/2017\/11\/Christoph_IMG_9007--225x300.jpg\" alt=\"\" width=\"225\" height=\"300\" srcset=\"https:\/\/vox-nostra.com\/en\/wp-content\/uploads\/sites\/3\/2017\/11\/Christoph_IMG_9007--225x300.jpg 225w, https:\/\/vox-nostra.com\/en\/wp-content\/uploads\/sites\/3\/2017\/11\/Christoph_IMG_9007--768x1024.jpg 768w, https:\/\/vox-nostra.com\/en\/wp-content\/uploads\/sites\/3\/2017\/11\/Christoph_IMG_9007--1194x1592.jpg 1194w, https:\/\/vox-nostra.com\/en\/wp-content\/uploads\/sites\/3\/2017\/11\/Christoph_IMG_9007-.jpg 1500w\" sizes=\"(max-width: 225px) 100vw, 225px\" \/>Geboren und aufgewachsen in Kiel. Studium der Musikwissenschaft in Kiel und Gesang an der Akademie f\u00fcr Alte Musik in Bremen bei den Lehrern John Potter und Harry van der Kamp.<br \/>\nSeit 1994 als freiberuflicher Solist und Ensembles\u00e4nger mit einer Vorliebe f\u00fcr das 16. bis 18. Jahrhundert, aber auch f\u00fcr mittelalterliche Musik im In- und Ausland t\u00e4tig. Verschiedenste Forschungs- und Editions-Arbeiten f\u00fcr Ensembles der alten Musik, Mitwirkender und Leiter bei zahlreichen Projekten, u.a. Ensemble archaica und Lauttencompagney Berlin.<br \/>\nSeit 2015 Mitwirkung als Editor und S\u00e4nger in einem Projekt zur Aufnahme und Herausgabe der geistlichen Werke von Melchior Vulpius.<br \/>\nZusammenarbeit mit Dirigenten wie Gustav Leonhard, Thomas Hengelbrock und Wolfgang Katschner, sowie mit diversen namhaften Ensembles der Alten Musik, wie z.B. dem Huelgas-Ensemble, dem Balthasar-Neumann-Chor, dem Freiburger Barockorchester, Musica Fiata oder der Lautten Compagney Berlin. Er ist au\u00dferdem in zahlreichen Rundfunk- und CD-Produktionen zu h\u00f6ren. Lebt und arbeitet in Berlin.<\/p>\n","protected":false},"excerpt":{"rendered":"<p>Geboren und aufgewachsen in Kiel. Studium der Musikwissenschaft in Kiel und Gesang an der Akademie f\u00fcr Alte Musik in Bremen bei den Lehrern John Potter und Harry van der Kamp. Seit 1994 als freiberuflicher Solist und Ensembles\u00e4nger mit einer Vorliebe f\u00fcr das 16. bis 18. Jahrhundert, aber auch f\u00fcr mittelalterliche Musik im In- und Ausland [&hellip;]<\/p>\n","protected":false},"author":2,"featured_media":0,"parent":202,"menu_order":0,"comment_status":"closed","ping_status":"closed","template":"","meta":{"footnotes":""},"class_list":["post-145","page","type-page","status-publish","hentry"],"_links":{"self":[{"href":"https:\/\/vox-nostra.com\/en\/wp-json\/wp\/v2\/pages\/145"}],"collection":[{"href":"https:\/\/vox-nostra.com\/en\/wp-json\/wp\/v2\/pages"}],"about":[{"href":"https:\/\/vox-nostra.com\/en\/wp-json\/wp\/v2\/types\/page"}],"author":[{"embeddable":true,"href":"https:\/\/vox-nostra.com\/en\/wp-json\/wp\/v2\/users\/2"}],"replies":[{"embeddable":true,"href":"https:\/\/vox-nostra.com\/en\/wp-json\/wp\/v2\/comments?post=145"}],"version-history":[{"count":5,"href":"https:\/\/vox-nostra.com\/en\/wp-json\/wp\/v2\/pages\/145\/revisions"}],"predecessor-version":[{"id":429,"href":"https:\/\/vox-nostra.com\/en\/wp-json\/wp\/v2\/pages\/145\/revisions\/429"}],"up":[{"embeddable":true,"href":"https:\/\/vox-nostra.com\/en\/wp-json\/wp\/v2\/pages\/202"}],"wp:attachment":[{"href":"https:\/\/vox-nostra.com\/en\/wp-json\/wp\/v2\/media?parent=145"}],"curies":[{"name":"wp","href":"https:\/\/api.w.org\/{rel}","templated":true}]}}