{"id":172,"date":"2017-11-03T21:15:28","date_gmt":"2017-11-03T21:15:28","guid":{"rendered":"https:\/\/vox-nostra.com\/?page_id=172"},"modified":"2023-05-02T12:06:44","modified_gmt":"2023-05-02T12:06:44","slug":"workshops","status":"publish","type":"page","link":"https:\/\/vox-nostra.com\/en\/projekte\/musikwissenschaftlich\/workshops\/","title":{"rendered":"Workshops"},"content":{"rendered":"<p>Burkard Wehner, der Leiter von Vox Nostra, bietet regelm\u00e4\u00dfig Seminare und Workshops zum Thema &#8220;Vokalmusik des Mittelalters und der Renaissance&#8221; an.<br \/>\nNeben theoretischen Erl\u00e4uterungen zu den Themen &#8220;Kirchen- und Psalmt\u00f6ne&#8221; und zu verschiedenen Notationsformen wie Neumen- und Quadratnotation steht vor allem das Singen von Abbildungen der originalen Handschriften im Mittelpunkt. Die vielgestaltige Musikwelt vor 1500 ist ein faszinierendes und weitgehend unbekanntes Terrain. Die archaischen Gregorianischen Chor\u00e4le und die reinen Zusammenkl\u00e4nge der fr\u00fchen Mehrstimmigkeit l\u00f6sen bei den SeminarteilnehmerInnen immer wieder Staunen und Begeisterung aus.<\/p>\n","protected":false},"excerpt":{"rendered":"<p>Burkard Wehner, der Leiter von Vox Nostra, bietet regelm\u00e4\u00dfig Seminare und Workshops zum Thema &#8220;Vokalmusik des Mittelalters und der Renaissance&#8221; an. Neben theoretischen Erl\u00e4uterungen zu den Themen &#8220;Kirchen- und Psalmt\u00f6ne&#8221; und zu verschiedenen Notationsformen wie Neumen- und Quadratnotation steht vor allem das Singen von Abbildungen der originalen Handschriften im Mittelpunkt. Die vielgestaltige Musikwelt vor 1500 [&hellip;]<\/p>\n","protected":false},"author":2,"featured_media":0,"parent":170,"menu_order":0,"comment_status":"closed","ping_status":"closed","template":"","meta":{"footnotes":""},"class_list":["post-172","page","type-page","status-publish","hentry"],"_links":{"self":[{"href":"https:\/\/vox-nostra.com\/en\/wp-json\/wp\/v2\/pages\/172"}],"collection":[{"href":"https:\/\/vox-nostra.com\/en\/wp-json\/wp\/v2\/pages"}],"about":[{"href":"https:\/\/vox-nostra.com\/en\/wp-json\/wp\/v2\/types\/page"}],"author":[{"embeddable":true,"href":"https:\/\/vox-nostra.com\/en\/wp-json\/wp\/v2\/users\/2"}],"replies":[{"embeddable":true,"href":"https:\/\/vox-nostra.com\/en\/wp-json\/wp\/v2\/comments?post=172"}],"version-history":[{"count":5,"href":"https:\/\/vox-nostra.com\/en\/wp-json\/wp\/v2\/pages\/172\/revisions"}],"predecessor-version":[{"id":606,"href":"https:\/\/vox-nostra.com\/en\/wp-json\/wp\/v2\/pages\/172\/revisions\/606"}],"up":[{"embeddable":true,"href":"https:\/\/vox-nostra.com\/en\/wp-json\/wp\/v2\/pages\/170"}],"wp:attachment":[{"href":"https:\/\/vox-nostra.com\/en\/wp-json\/wp\/v2\/media?parent=172"}],"curies":[{"name":"wp","href":"https:\/\/api.w.org\/{rel}","templated":true}]}}