{"id":202,"date":"2017-11-03T21:33:44","date_gmt":"2017-11-03T21:33:44","guid":{"rendered":"https:\/\/vox-nostra.com\/?page_id=202"},"modified":"2018-07-15T10:37:00","modified_gmt":"2018-07-15T10:37:00","slug":"zusaetzliche-saengerinnen","status":"publish","type":"page","link":"https:\/\/vox-nostra.com\/en\/bio\/einzelvitae\/zusaetzliche-saengerinnen\/","title":{"rendered":"Zus\u00e4tzliche S\u00e4nger*innen"},"content":{"rendered":"<p><strong>Werner Blau &#8211; Bass<\/strong><br \/>\n<span style=\"font-size: small;\">Studienrat f\u00fcr Musik und Geographie in Berlin. Schulmusik- und Diplomstudium Klavier bei Thea Bou\u00e9-Noack (Mainz) sowie private Gesangsstudien. Solo- und Ensemble-Bass mit Schwerpunkt Alte Musik . Liedbegleiter f\u00fcr das Repertoire des 19. und 20. Jahrhunderts<\/p>\n<p><strong>Amy Green &#8211; Sopran<\/strong><br \/>\n<span style=\"font-size: small;\">Diplom f\u00fcr Gesang im Fach Alte Musik an der Staatlichen Hochschule f\u00fcr Musik in Trossingen sowie Privatstudien Mittelalterliche Harfe Arabische Musik mit Farhan Sabbagh. Solo- und Ensembles\u00e4ngerin bei Green\/Sudmann, Elysium, Kusskuss,Teatro de Liezenbourg. Zusammenarbeit mit Sarband, Ensemble Penalosa, Ordo Virtutum, Alta Musica und Friedrich Lichtenstein.<\/p>\n<p><strong>Ellen H\u00fcnigen &#8211; Alt<\/strong><br \/>\n<span style=\"font-size: small;\">Kompositions- und Klavierstudium an der Hochschule f\u00fcr Musik \u201eHanns Eisler\u201c Berlin, Sommerkurse f\u00fcr zeitgen\u00f6ssische Musik, Meistersch\u00fclerstudium bei F. Goldmann an der Akademie der K\u00fcnste zu Berlin. Auff\u00fchrungen ihrer Kompositionen durch Ensembles und Orchester in Deutschland, der Schweiz, Italien und den USA.<\/p>\n<p><strong>Susanne Wilsdorf &#8211; Sopran<\/strong><br \/>\n<span style=\"font-size: small;\">Studium der Musikwissenschaft in Berlin und Gesang Akademie f\u00fcr Alte Musik an der Hochschule Bremen. S\u00e4ngerin in verschiedenen Ensembles: u.a. Collegium Vocale Gent, Las Huelgas Ensemble, Vocalconsort Berlin, LauttenCompagney Berlin. Konzertreisen nach Frankreich, Israel, Luxembourg, USA, Syrien, Schweden.<\/p>\n","protected":false},"excerpt":{"rendered":"<p>Werner Blau &#8211; Bass Studienrat f\u00fcr Musik und Geographie in Berlin. Schulmusik- und Diplomstudium Klavier bei Thea Bou\u00e9-Noack (Mainz) sowie private Gesangsstudien. Solo- und Ensemble-Bass mit Schwerpunkt Alte Musik . Liedbegleiter f\u00fcr das Repertoire des 19. und 20. Jahrhunderts Amy Green &#8211; Sopran Diplom f\u00fcr Gesang im Fach Alte Musik an der Staatlichen Hochschule f\u00fcr [&hellip;]<\/p>\n","protected":false},"author":2,"featured_media":0,"parent":69,"menu_order":0,"comment_status":"closed","ping_status":"closed","template":"","meta":{"footnotes":""},"class_list":["post-202","page","type-page","status-publish","hentry"],"_links":{"self":[{"href":"https:\/\/vox-nostra.com\/en\/wp-json\/wp\/v2\/pages\/202"}],"collection":[{"href":"https:\/\/vox-nostra.com\/en\/wp-json\/wp\/v2\/pages"}],"about":[{"href":"https:\/\/vox-nostra.com\/en\/wp-json\/wp\/v2\/types\/page"}],"author":[{"embeddable":true,"href":"https:\/\/vox-nostra.com\/en\/wp-json\/wp\/v2\/users\/2"}],"replies":[{"embeddable":true,"href":"https:\/\/vox-nostra.com\/en\/wp-json\/wp\/v2\/comments?post=202"}],"version-history":[{"count":2,"href":"https:\/\/vox-nostra.com\/en\/wp-json\/wp\/v2\/pages\/202\/revisions"}],"predecessor-version":[{"id":205,"href":"https:\/\/vox-nostra.com\/en\/wp-json\/wp\/v2\/pages\/202\/revisions\/205"}],"up":[{"embeddable":true,"href":"https:\/\/vox-nostra.com\/en\/wp-json\/wp\/v2\/pages\/69"}],"wp:attachment":[{"href":"https:\/\/vox-nostra.com\/en\/wp-json\/wp\/v2\/media?parent=202"}],"curies":[{"name":"wp","href":"https:\/\/api.w.org\/{rel}","templated":true}]}}