{"id":33,"date":"2017-11-03T13:25:14","date_gmt":"2017-11-03T13:25:14","guid":{"rendered":"https:\/\/vox-nostra.com\/?page_id=33"},"modified":"2026-02-08T22:34:45","modified_gmt":"2026-02-08T22:34:45","slug":"startseite","status":"publish","type":"page","link":"https:\/\/vox-nostra.com\/en\/","title":{"rendered":"VOX NOSTRA"},"content":{"rendered":"<p>&#8220;Das Vokalensemble Vox Nostra erweckt die Musik des Mittelalters zu neuem Leben.&#8221; <cite>Neue Westf\u00e4lische Zeitung<\/cite><\/p>\n<p style=\"text-align: left;\"><em><img loading=\"lazy\" decoding=\"async\" class=\"alignnone wp-image-114 size-large\" src=\"https:\/\/vox-nostra.com\/wp-content\/uploads\/sites\/3\/2017\/11\/IMG_2472-1024x683.jpg\" alt=\"\" width=\"960\" height=\"640\" \/><\/em><\/p>\n<p>Absolut still war es im (Salemer) M\u00fcnster, das die S\u00e4nger m\u00fchelos mit ihrem Klang f\u00fcllten. Man f\u00fchlte sich um Jahrhunderte zur\u00fcckversetzt.\u201c <em>Schw\u00e4bische Zeitung<\/em> \u00a0<\/p>\n","protected":false},"excerpt":{"rendered":"<p>&#8220;Das Vokalensemble Vox Nostra erweckt die Musik des Mittelalters zu neuem Leben.&#8221; Neue Westf\u00e4lische Zeitung Absolut still war es im (Salemer) M\u00fcnster, das die S\u00e4nger m\u00fchelos mit ihrem Klang f\u00fcllten. Man f\u00fchlte sich um Jahrhunderte zur\u00fcckversetzt.\u201c Schw\u00e4bische Zeitung \u00a0<\/p>\n","protected":false},"author":1,"featured_media":306,"parent":0,"menu_order":0,"comment_status":"closed","ping_status":"closed","template":"page-no-headline.php","meta":{"footnotes":""},"class_list":["post-33","page","type-page","status-publish","has-post-thumbnail","hentry"],"_links":{"self":[{"href":"https:\/\/vox-nostra.com\/en\/wp-json\/wp\/v2\/pages\/33"}],"collection":[{"href":"https:\/\/vox-nostra.com\/en\/wp-json\/wp\/v2\/pages"}],"about":[{"href":"https:\/\/vox-nostra.com\/en\/wp-json\/wp\/v2\/types\/page"}],"author":[{"embeddable":true,"href":"https:\/\/vox-nostra.com\/en\/wp-json\/wp\/v2\/users\/1"}],"replies":[{"embeddable":true,"href":"https:\/\/vox-nostra.com\/en\/wp-json\/wp\/v2\/comments?post=33"}],"version-history":[{"count":33,"href":"https:\/\/vox-nostra.com\/en\/wp-json\/wp\/v2\/pages\/33\/revisions"}],"predecessor-version":[{"id":709,"href":"https:\/\/vox-nostra.com\/en\/wp-json\/wp\/v2\/pages\/33\/revisions\/709"}],"wp:featuredmedia":[{"embeddable":true,"href":"https:\/\/vox-nostra.com\/en\/wp-json\/wp\/v2\/media\/306"}],"wp:attachment":[{"href":"https:\/\/vox-nostra.com\/en\/wp-json\/wp\/v2\/media?parent=33"}],"curies":[{"name":"wp","href":"https:\/\/api.w.org\/{rel}","templated":true}]}}