{"id":361,"date":"2017-11-22T12:59:53","date_gmt":"2017-11-22T12:59:53","guid":{"rendered":"https:\/\/vox-nostra.com\/?page_id=361"},"modified":"2021-09-21T12:19:48","modified_gmt":"2021-09-21T12:19:48","slug":"chorbuch","status":"publish","type":"page","link":"https:\/\/vox-nostra.com\/en\/projekte\/musikwissenschaftlich\/chorbuch\/","title":{"rendered":"Chorbuch"},"content":{"rendered":"<h4>LIBER SELECTARUM CANTIONUM<\/h4>\n<p>Ein Markstein des europ\u00e4ischen Musikdrucks &#8211; stummes Zeugnis einer hohen internationalen Musikkultur in der Renaissance.<\/p>\n<p><img loading=\"lazy\" decoding=\"async\" class=\"wp-image-373 alignleft\" src=\"https:\/\/vox-nostra.com\/wp-content\/uploads\/sites\/3\/2017\/11\/Wappendruck-211x300.jpg\" alt=\"\" width=\"251\" height=\"357\" srcset=\"https:\/\/vox-nostra.com\/en\/wp-content\/uploads\/sites\/3\/2017\/11\/Wappendruck-211x300.jpg 211w, https:\/\/vox-nostra.com\/en\/wp-content\/uploads\/sites\/3\/2017\/11\/Wappendruck-768x1090.jpg 768w, https:\/\/vox-nostra.com\/en\/wp-content\/uploads\/sites\/3\/2017\/11\/Wappendruck-722x1024.jpg 722w, https:\/\/vox-nostra.com\/en\/wp-content\/uploads\/sites\/3\/2017\/11\/Wappendruck-1194x1695.jpg 1194w, https:\/\/vox-nostra.com\/en\/wp-content\/uploads\/sites\/3\/2017\/11\/Wappendruck.jpg 1443w\" sizes=\"(max-width: 251px) 100vw, 251px\" \/>Der Druck LIBER SELECTARUM CANTIONUM von 1520 ist ein einzigartiges Zeugnis der im 16. Jahrhundert noch sehr jungen Kunst des Musikdrucks.<\/p>\n<p>Die darin enthaltene Musik von h\u00f6chstem Niveau stellt zum gr\u00f6\u00dften Teil das Repertoire der Hofkapelle Kaiser Maximilian I. dar, 24 Motetten zu 4-6 Stimmen, komponiert von den herausragendsten Komponisten dieser Zeit wie Heinrich Isaac, Josquin de Pres, Pierre de la Rue und Ludwig Senfel.<\/p>\n<p>Der erste Motetten-Druck n\u00f6rdlich der Alpen verwendet die gr\u00f6\u00dften jemals gegossenen Drucktypen. Sein repr\u00e4sentatives Format von ca. 44 x 28 cm, die Eleganz der Typographie und die hohe Pr\u00e4zision des Drucks beeindrucken noch heute; und der mehrfarbige Wappendruck unter Verwendung von sieben Farben inklusive Gold ist in der gesamten Druckgraphik des 16. Jahrhunderts einzigartig.<\/p>\n<p>Dieses gro\u00dfe Buch schlummert noch in 19 Exemplaren in den Bibliotheken und Archiven, darunter auch in der Berliner Staatsbibliothek. Bemerkenswert ist auch, dass es sich um einen der letzten Drucke in Deutschland handelt, in dem noch in gr\u00f6\u00dferem Umfang Marien-Motetten enthalten sind, da die um sich greifende Reformation diese bald nicht mehr opportun sein lie\u00df.<\/p>\n<p>Das Vokalensemble Vox Nostra hat es sich zur Aufgabe gemacht, dieses gro\u00dfartige St\u00fcck kulturellen Erbes dem Schweigen zu entrei\u00dfen und m\u00f6chte das Ergebnis seiner Arbeit nun einem gr\u00f6\u00dferen Publikum zug\u00e4nglich machen.<\/p>\n<h4><strong>CHORBUCH IN CONCERT<\/strong><\/h4>\n<p><img loading=\"lazy\" decoding=\"async\" class=\"size-medium wp-image-372 alignleft\" src=\"https:\/\/vox-nostra.com\/wp-content\/uploads\/sites\/3\/2017\/11\/1520-4-Chorbuch-Augsburg-300x225.jpg\" alt=\"\" width=\"300\" height=\"225\" srcset=\"https:\/\/vox-nostra.com\/en\/wp-content\/uploads\/sites\/3\/2017\/11\/1520-4-Chorbuch-Augsburg-300x225.jpg 300w, https:\/\/vox-nostra.com\/en\/wp-content\/uploads\/sites\/3\/2017\/11\/1520-4-Chorbuch-Augsburg-768x576.jpg 768w, https:\/\/vox-nostra.com\/en\/wp-content\/uploads\/sites\/3\/2017\/11\/1520-4-Chorbuch-Augsburg-1024x769.jpg 1024w, https:\/\/vox-nostra.com\/en\/wp-content\/uploads\/sites\/3\/2017\/11\/1520-4-Chorbuch-Augsburg-1194x896.jpg 1194w, https:\/\/vox-nostra.com\/en\/wp-content\/uploads\/sites\/3\/2017\/11\/1520-4-Chorbuch-Augsburg.jpg 2048w\" sizes=\"(max-width: 300px) 100vw, 300px\" \/><strong>Ausgewiesene Spezialisten der historischen Auff\u00fchrungspraxis singen aus der originalen Chorbuch-Notation.<\/strong><\/p>\n<p>Bei dieser Notation sind die Stimmen nicht wie in einer heutigen Partitur untereinander geschrieben, sondern je nach Anzahl auf der aufgeschlagenen Doppelseite angeordnet. Das Singen aus dieser Notation ist f\u00fcr die S\u00e4nger eine spezielle Erfahrung: man steht sehr dicht beieinander und w\u00e4hrend man nur seine eigene Stimme liest, h\u00f6rt man doch die Strukturen der Musik viel deutlicher, als man sie je in der Partitur sehen w\u00fcrde, ja, das Sehen der Partitur verdr\u00e4ngt die F\u00e4higkeit, dort ebenso zu h\u00f6ren. In der Folge entsteht ein intensiv flie\u00dfender Gesang, der die Zuh\u00f6rer in seinen Bann zieht.<\/p>\n<p>Der Gesang wird erg\u00e4nzt durch Videoinstallationen, die die spezielle \u00c4sthetik des Chorbuchs visuell erlebbar machen werden. Pro Konzert variiert die Besetzung zwischen sechs bis acht S\u00e4ngern \u2013 je nach den Anforderungen der Musik. Dar\u00fcberhinaus wird der ganze Raum bespielt, indem von unterschiedlichen Stellen gesungen wird.<\/p>\n<p>Auf diese Weise entsteht ein audio-visuelles Gesamtkunstwerk, das es dem Konzertbesucher von heute erm\u00f6glicht, in die Klangwelt des 16. Jahrhunderts einzutauchen.<\/p>\n","protected":false},"excerpt":{"rendered":"<p>LIBER SELECTARUM CANTIONUM Ein Markstein des europ\u00e4ischen Musikdrucks &#8211; stummes Zeugnis einer hohen internationalen Musikkultur in der Renaissance. Der Druck LIBER SELECTARUM CANTIONUM von 1520 ist ein einzigartiges Zeugnis der im 16. Jahrhundert noch sehr jungen Kunst des Musikdrucks. Die darin enthaltene Musik von h\u00f6chstem Niveau stellt zum gr\u00f6\u00dften Teil das Repertoire der Hofkapelle Kaiser [&hellip;]<\/p>\n","protected":false},"author":2,"featured_media":0,"parent":170,"menu_order":0,"comment_status":"closed","ping_status":"closed","template":"","meta":{"footnotes":""},"class_list":["post-361","page","type-page","status-publish","hentry"],"_links":{"self":[{"href":"https:\/\/vox-nostra.com\/en\/wp-json\/wp\/v2\/pages\/361"}],"collection":[{"href":"https:\/\/vox-nostra.com\/en\/wp-json\/wp\/v2\/pages"}],"about":[{"href":"https:\/\/vox-nostra.com\/en\/wp-json\/wp\/v2\/types\/page"}],"author":[{"embeddable":true,"href":"https:\/\/vox-nostra.com\/en\/wp-json\/wp\/v2\/users\/2"}],"replies":[{"embeddable":true,"href":"https:\/\/vox-nostra.com\/en\/wp-json\/wp\/v2\/comments?post=361"}],"version-history":[{"count":10,"href":"https:\/\/vox-nostra.com\/en\/wp-json\/wp\/v2\/pages\/361\/revisions"}],"predecessor-version":[{"id":534,"href":"https:\/\/vox-nostra.com\/en\/wp-json\/wp\/v2\/pages\/361\/revisions\/534"}],"up":[{"embeddable":true,"href":"https:\/\/vox-nostra.com\/en\/wp-json\/wp\/v2\/pages\/170"}],"wp:attachment":[{"href":"https:\/\/vox-nostra.com\/en\/wp-json\/wp\/v2\/media?parent=361"}],"curies":[{"name":"wp","href":"https:\/\/api.w.org\/{rel}","templated":true}]}}