{"id":5,"date":"2017-11-03T12:26:14","date_gmt":"2017-11-03T12:26:14","guid":{"rendered":"https:\/\/vox-nostra.com\/index.php\/datenschutzbelehrung\/"},"modified":"2023-05-05T10:04:52","modified_gmt":"2023-05-05T10:04:52","slug":"datenschutzbelehrung","status":"publish","type":"page","link":"https:\/\/vox-nostra.com\/en\/datenschutzbelehrung\/","title":{"rendered":"Datenschutzbelehrung"},"content":{"rendered":"<p><strong>Datenschutzerkl\u00e4rung:<\/strong><\/p>\n<p>Mit diesen Datenschutzbestimmungen m\u00f6chte VOX NOSTRA Sie dar\u00fcber informieren, wie TVOX NOSTRA Ihre personenbezogenen Daten verarbeitet.<\/p>\n<p>1. Grundprinzipien von VOX NOSTRA bei der Verarbeitung Ihrer personenbezogenen Daten<br \/>\nVOX NOSTRA erhebt, verarbeitet und nutzt Ihre personenbezogenen Daten unter Einhaltung der Datenschutzgesetze der Bundesrepublik Deutschland und der Datenschutzbestimmungen der Europ\u00e4ischen Union.VOX NOSTRA nutzt Ihre personenbezogenen Daten, um Ihnen die Inanspruchnahme der registrierungspflichtigen Internet-Dienste vonVOX NOSTRA zu erm\u00f6glichen. \u201cPersonenbezogene Daten\u201d sind alle Einzelangaben \u00fcber Ihre pers\u00f6nlichen oder sachlichen Verh\u00e4ltnisse. Die personenbezogenen Daten, die Sie bei der Registrierung f\u00fcr dieVOX NOSTRA-Dienste eingeben m\u00fcssen (Pflichtfelder), werden als \u201cRegistrierungsangaben\u201d bezeichnet.<\/p>\n<p>2. Registrierungsangaben<br \/>\nDamit dieVOX NOSTRA-Dienste funktionieren, mussVOX NOSTRA bei Ihrer Registrierung bestimmte personenbezogene Daten von Ihnen als Ihre Registrierungsangaben erheben und diese verarbeiten.<\/p>\n<p>Die Registrierungsangaben sind die folgenden Daten:<\/p>\n<p>Name, Vorname<br \/>\nAnschrift<br \/>\nGeburtsdatum \/ Altersangabe<br \/>\nE-Mailadresse<br \/>\nTelefonnummer sowie optional Faxnummer<\/p>\n<p>Diese Daten wird VOX NOSTRA in keinem Fall an Dritte weitergeben und\/oder diese Dritten sonst wie zur Kenntnis geben, es sei denn, dies ist zur Erbringung der Dienste von VOX NOSTRA zwingend erforderlich oder VOX NOSTRA ist dazu gesetzlich verpflichtet. Die so weitergegebenen Daten d\u00fcrfen vom Empf\u00e4nger lediglich zur Erf\u00fcllung seiner Aufgabe verwendet werden. Eine anderweitige Nutzung der Informationen ist nicht erlaubt.<\/p>\n<p>3. Cookies<br \/>\n\u201cCookies\u201d sind kleine Dateien, die es uns erm\u00f6glichen, auf Ihrem PC oder sonstigem Endger\u00e4t spezifische, auf Sie, den Nutzer, bezogene Informationen zu speichern, w\u00e4hrend Sie die VOX NOSTRA-Dienste nutzen. Cookies helfen uns zum Beispiel dabei, die Nutzungsh\u00e4ufigkeit und die Anzahl der Nutzer unserer Internetseiten zu ermitteln, sowie unsere Angebote f\u00fcr Sie m\u00f6glichst komfortabel, effizient und interessant zu gestalten.<\/p>\n<p>VOX NOSTRA benutzt nach Ihrer Anmeldung (mit Benutzernamen und Passwort) sogenannte \u201cSession-Cookies\u201d, mit denen Sie w\u00e4hrend der Dauer Ihres Besuchs identifiziert werden k\u00f6nnen. Nach dem Ende der Sitzung verfallen Session-Cookies automatisch. Sie k\u00f6nnen diese Session-Cookies mit der Funktion \u201cAuf diesem Computer automatisch einloggen\u201d f\u00fcr eine automatische Anmeldung dauerhaft speichern. Die Session-Cookies enthalten dann Teile Ihrer Anmeldedaten in verschl\u00fcsselter Form.<\/p>\n<p>Zum anderen benutzt VOX NOSTRA \u201cpermanente Cookies\u201d, um Informationen \u00fcber Besucher festzuhalten, die wiederholt auf die VOX NOSTRA-Dienste zugreifen. Der Zweck des Einsatzes dieser permanenten Cookies besteht darin, unsere Produkte und Dienstleistungen f\u00fcr Sie kontinuierlich zu verbessern. Die permanenten Cookies enthalten keine personenbezogenen Daten. Name, IP-Adresse etc. werden nicht gespeichert. Eine Einzelprofilbildung \u00fcber Ihr Nutzungsverhalten findet nicht statt.<\/p>\n<p>Sie k\u00f6nnen in Ihrem Browser das Speichern von Cookies deaktivieren, auf bestimmte Websites beschr\u00e4nken oder Ihren Browser so einstellen, dass er sie benachrichtigt, sobald ein Cookie gesendet wird. Sie k\u00f6nnen Cookies auch jederzeit von der Festplatte ihres PC l\u00f6schen. Bitte beachten Sie aber, dass die Nutzung der VOX NOSTRA-Dienste nicht m\u00f6glich ist, wenn Session- Cookies abgelehnt werden.<\/p>\n<p>4. Log-Dateien<br \/>\nBei jedem Seitenaufruf werden Zugriffsdaten in einer Protokolldatei, dem Server-Log, gespeichert. Der dabei gespeicherte Datensatz enth\u00e4lt die folgenden Daten: die Uhrzeit, den Status, die Anfrage, die Ihr Browser an den Server gestellt hat, die \u00fcbertragene Datenmenge sowie die Internetseite, von der Sie auf die angeforderte Seite gekommen sind (Referrer), sowie die Produkt- und Versionsinformationen des verwendeten Browsers (User-Agent). VOX NOSTRA benutzt hierf\u00fcr das standardisierte \u201ccombined\u201d Logfile-Format des Apache Webservers. Dabei wird Ihre IP-Adresse nach Beendigung des Besuchs der VOX NOSTRA-Website einen Monat lang gespeichert und danach gel\u00f6scht.<\/p>\n<p>VOX NOSTRA verwendet die Protokolldaten (Logs) anonymisiert, also ohne Zuordnung oder Hinweise auf Ihre Person, f\u00fcr statistische Auswertungen. VOX NOSTRA kann so z.B. erfahren, an welchen Tagen und zu welchen Uhrzeiten die Angebote der VOX NOSTRA-Websites besonders beliebt sind und wie viel Datenvolumen auf den der\u00a0VOX NOSTRA-Websites erzeugt wird. Zudem kann\u00a0VOX NOSTRA\u00a0durch die Log-Dateien m\u00f6gliche Fehler erkennen, z.B. fehlerhafte Links oder Programmfehler, und die Log-Dateien damit f\u00fcr die Weiterentwicklung der\u00a0VOX NOSTRA-Websites verwenden. VOX NOSTRA verkn\u00fcpft die im Server-Log gespeicherten Seitenabrufe und Nutzungen nicht mit einzelnen Personen.\u00a0VOX NOSTRA\u00a0beh\u00e4lt sich eine Nutzung von Daten aus Log-Dateien vor, wenn aufgrund bestimmter Tatsachen der Verdacht besteht, dass Nutzer der\u00a0VOX NOSTRA-Websites und\/oder der\u00a0VOX NOSTRA-Dienste gesetz- oder vertragswidrig nutzen.<\/p>\n<p>5. Google Analytics<br \/>\nDiese Website benutzt Google Analytics, einen Webanalysedienst der Google Inc. (\u201eGoogle\u201c). Google Analytics verwendet sog. \u201eCookies\u201c, Textdateien, die auf Ihrem Computer gespeichert werden und die eine Analyse der Benutzung der Website durch Sie erm\u00f6glichen. Die durch den Cookie erzeugten Informationen \u00fcber Ihre Benutzung dieser Website werden in der Regel an einen Server von Google in den USA \u00fcbertragen und dort gespeichert. Im Falle der Aktivierung der IP-Anonymisierung auf dieser Webseite wird Ihre IP-Adresse von Google jedoch innerhalb von Mitgliedstaaten der Europ\u00e4ischen Union oder in anderen Vertragsstaaten des Abkommens \u00fcber den Europ\u00e4ischen Wirtschaftsraum zuvor gek\u00fcrzt. Nur in Ausnahmef\u00e4llen wird die volle IP-Adresse an einen Server von Google in den USA \u00fcbertragen und dort gek\u00fcrzt. Im Auftrag des Betreibers dieser Website wird Google diese Informationen benutzen, um Ihre Nutzung der Website auszuwerten, um Reports \u00fcber die Websiteaktivit\u00e4ten zusammenzustellen und um weitere mit der Websitenutzung und der Internetnutzung verbundene Dienstleistungen gegen\u00fcber dem Websitebetreiber zu erbringen. Auch wird Google diese Informationen gegebenenfalls an Dritte \u00fcbertragen, sofern dies gesetzlich vorgeschrieben oder soweit Dritte diese Daten im Auftrag von Google verarbeiten. Die im Rahmen von Google Analytics von Ihrem Browser \u00fcbermittelte IP-Adresse wird nicht mit anderen Daten von Google zusammengef\u00fchrt. Durch die Nutzung dieser Website erkl\u00e4ren Sie sich mit der Bearbeitung der \u00fcber dich erhobenen Daten durch Google in der zuvor beschriebenen Art und Weise und zu dem zuvor benannten Zweck einverstanden.<\/p>\n<p>Sie k\u00f6nnen die Speicherung der Cookies durch eine entsprechende Einstellung Ihrer Browser-Software verhindern; wir weisen Sie jedoch darauf hin, dass Sie in diesem Fall gegebenenfalls nicht s\u00e4mtliche Funktionen dieser Website vollumf\u00e4nglich werden nutzen k\u00f6nnen. Sie k\u00f6nnen dar\u00fcber hinaus die Erfassung der durch das Cookie erzeugten und auf Ihre Nutzung der Website bezogenen Daten (inkl. Ihrer IP-Adresse) an Google sowie die Verarbeitung dieser Daten durch Google verhindern, indem sie das unter dem folgenden Link (http:\/\/tools.google.com\/dlpage\/gaoptout?hl=de) verf\u00fcgbare Browser-Plugin herunterladen und installieren.<\/p>\n<p>N\u00e4here Informationen hierzu finden Sie unter http:\/\/tools.google.com\/dlpage\/gaoptout?hl=de bzw. unter\u00a0http:\/\/www.google.com\/intl\/de\/analytics\/privacyoverview.html (allgemeine Informationen zu Google Analytics und Datenschutz). Wir weisen Sie darauf hin, dass auf dieser Webseite Google Analytics um den Code \u201egat._anonymizeIp();\u201c erweitert wurde, um eine anonymisierte Erfassung von IP-Adressen (sog. IP-Masking) zu gew\u00e4hrleisten.<\/p>\n<p>6. Facebook Plugins<br \/>\nAuf unseren Seiten sind Plugins des sozialen Netzwerks Facebook, 1601 South California Avenue, Palo Alto, CA 94304, USA integriert. Die Facebook-Plugins erkennen Sie an dem Facebook-Logo oder dem \u201cLike-Button\u201d (\u201cGef\u00e4llt mir\u201c) auf unserer Seite. Eine \u00dcbersicht \u00fcber die Facebook-Plugins finden Sie hier: http:\/\/developers.facebook.com\/docs\/plugins\/ Wenn Sie unsere Seiten besuchen, wird \u00fcber das Plugin eine direkte Verbindung zwischen Ihrem Browser und dem Facebook-Server hergestellt. Facebook erh\u00e4lt dadurch die Information, dass Sie mit Ihrer IP-Adresse unsere Seite besucht haben. Wenn Sie den Facebook \u201eLike-Button\u201c anklicken w\u00e4hrend Sie in Ihrem Facebook-Account eingeloggt sind, k\u00f6nnen Sie die Inhalte unserer Seiten auf Ihrem Facebook-Profil verlinken. Dadurch kann Facebook den Besuch unserer Seiten Ihrem Benutzerkonto zuordnen. Wir weisen darauf hin, dass wir als Anbieter der Seiten keine Kenntnis vom Inhalt der \u00fcbermittelten Daten sowie deren Nutzung durch Facebook erhalten. Weitere Informationen hierzu finden Sie in der Datenschutzerkl\u00e4rung von facebook unter http:\/\/de-de.facebook.com\/policy.php<br \/>\nWenn Sie nicht w\u00fcnschen, dass Facebook den Besuch unserer Seiten Ihrem Facebook-Nutzerkonto zuordnen kann, loggen Sie sich bitte aus Ihrem Facebook-Benutzerkonto aus.<\/p>\n<p>7. Recht auf Auskunft \u00fcber personenbezogene Daten<br \/>\nSie haben das Recht und die M\u00f6glichkeit, von VOX NOSTRA jederzeit Auskunft \u00fcber die zu Ihrer Person gespeicherten personenbezogenen Daten zu erhalten. Das Auskunftsersuchen ist per Brief an die im Impressum hinterlegte Anschrift zu richten. Dem Auskunftsersuchen ist eine beglaubigte Kopie eines amtlichen und g\u00fcltigen Personalausweises beizuf\u00fcgen. Die Auskunft wird elektronisch an die betroffene Emailadresse versendet.<\/p>\n","protected":false},"excerpt":{"rendered":"<p>Datenschutzerkl\u00e4rung: Mit diesen Datenschutzbestimmungen m\u00f6chte VOX NOSTRA Sie dar\u00fcber informieren, wie TVOX NOSTRA Ihre personenbezogenen Daten verarbeitet. 1. Grundprinzipien von VOX NOSTRA bei der Verarbeitung Ihrer personenbezogenen Daten VOX NOSTRA erhebt, verarbeitet und nutzt Ihre personenbezogenen Daten unter Einhaltung der Datenschutzgesetze der Bundesrepublik Deutschland und der Datenschutzbestimmungen der Europ\u00e4ischen Union.VOX NOSTRA nutzt Ihre personenbezogenen Daten, [&hellip;]<\/p>\n","protected":false},"author":1,"featured_media":0,"parent":0,"menu_order":0,"comment_status":"closed","ping_status":"closed","template":"","meta":{"footnotes":""},"class_list":["post-5","page","type-page","status-publish","hentry"],"_links":{"self":[{"href":"https:\/\/vox-nostra.com\/en\/wp-json\/wp\/v2\/pages\/5"}],"collection":[{"href":"https:\/\/vox-nostra.com\/en\/wp-json\/wp\/v2\/pages"}],"about":[{"href":"https:\/\/vox-nostra.com\/en\/wp-json\/wp\/v2\/types\/page"}],"author":[{"embeddable":true,"href":"https:\/\/vox-nostra.com\/en\/wp-json\/wp\/v2\/users\/1"}],"replies":[{"embeddable":true,"href":"https:\/\/vox-nostra.com\/en\/wp-json\/wp\/v2\/comments?post=5"}],"version-history":[{"count":2,"href":"https:\/\/vox-nostra.com\/en\/wp-json\/wp\/v2\/pages\/5\/revisions"}],"predecessor-version":[{"id":631,"href":"https:\/\/vox-nostra.com\/en\/wp-json\/wp\/v2\/pages\/5\/revisions\/631"}],"wp:attachment":[{"href":"https:\/\/vox-nostra.com\/en\/wp-json\/wp\/v2\/media?parent=5"}],"curies":[{"name":"wp","href":"https:\/\/api.w.org\/{rel}","templated":true}]}}