{"id":69,"date":"2017-11-03T14:44:22","date_gmt":"2017-11-03T14:44:22","guid":{"rendered":"https:\/\/vox-nostra.com\/?page_id=69"},"modified":"2021-03-10T10:41:47","modified_gmt":"2021-03-10T10:41:47","slug":"einzelvitae","status":"publish","type":"page","link":"https:\/\/vox-nostra.com\/en\/bio\/einzelvitae\/","title":{"rendered":"Einzelvitae"},"content":{"rendered":"<p><a href=\"https:\/\/vox-nostra.com\/winnie-brueckner\/\">Winnie Br\u00fcckner &#8211; Sopran<\/a><\/p>\n<p><a href=\"https:\/\/vox-nostra.com\/bio\/einzelvitae\/philipp-cieslewicz-altus\/\">Philipp Cieslewicz &#8211; Altus<\/a><\/p>\n<p><a href=\"https:\/\/vox-nostra.com\/bio\/einzelvitae\/christoph-burmester-tenor\/\">Christoph Burmester &#8211; Tenor<\/a><\/p>\n<p><a href=\"https:\/\/vox-nostra.com\/bio\/einzelvitae\/burkard-wehner-bariton-kuenstlerische-leitung\/\" target=\"_blank\" rel=\"noopener\">Burkard Wehner &#8211; Bariton &amp; k\u00fcnstlerische Leitung<\/a><\/p>\n<p><a href=\"https:\/\/vox-nostra.com\/bio\/einzelvitae\/tobias-oliver-hagge-bass\/\" target=\"_blank\" rel=\"noopener\">Tobias Oliver Hagge &#8211; Bass<\/a><\/p>\n<p><a href=\"https:\/\/vox-nostra.com\/bio\/einzelvitae\/zusaetzliche-saengerinnen\/\" target=\"_blank\" rel=\"noopener\">Zus\u00e4tzliche S\u00e4nger*innen<\/a><\/p>\n","protected":false},"excerpt":{"rendered":"<p>Winnie Br\u00fcckner &#8211; Sopran Philipp Cieslewicz &#8211; Altus Christoph Burmester &#8211; Tenor Burkard Wehner &#8211; Bariton &amp; k\u00fcnstlerische Leitung Tobias Oliver Hagge &#8211; Bass Zus\u00e4tzliche S\u00e4nger*innen<\/p>\n","protected":false},"author":2,"featured_media":0,"parent":63,"menu_order":0,"comment_status":"closed","ping_status":"closed","template":"","meta":{"footnotes":""},"class_list":["post-69","page","type-page","status-publish","hentry"],"_links":{"self":[{"href":"https:\/\/vox-nostra.com\/en\/wp-json\/wp\/v2\/pages\/69"}],"collection":[{"href":"https:\/\/vox-nostra.com\/en\/wp-json\/wp\/v2\/pages"}],"about":[{"href":"https:\/\/vox-nostra.com\/en\/wp-json\/wp\/v2\/types\/page"}],"author":[{"embeddable":true,"href":"https:\/\/vox-nostra.com\/en\/wp-json\/wp\/v2\/users\/2"}],"replies":[{"embeddable":true,"href":"https:\/\/vox-nostra.com\/en\/wp-json\/wp\/v2\/comments?post=69"}],"version-history":[{"count":8,"href":"https:\/\/vox-nostra.com\/en\/wp-json\/wp\/v2\/pages\/69\/revisions"}],"predecessor-version":[{"id":310,"href":"https:\/\/vox-nostra.com\/en\/wp-json\/wp\/v2\/pages\/69\/revisions\/310"}],"up":[{"embeddable":true,"href":"https:\/\/vox-nostra.com\/en\/wp-json\/wp\/v2\/pages\/63"}],"wp:attachment":[{"href":"https:\/\/vox-nostra.com\/en\/wp-json\/wp\/v2\/media?parent=69"}],"curies":[{"name":"wp","href":"https:\/\/api.w.org\/{rel}","templated":true}]}}