{"id":71,"date":"2017-11-03T14:45:19","date_gmt":"2017-11-03T14:45:19","guid":{"rendered":"https:\/\/vox-nostra.com\/?page_id=71"},"modified":"2017-11-22T15:10:08","modified_gmt":"2017-11-22T15:10:08","slug":"winnie-brueckner","status":"publish","type":"page","link":"https:\/\/vox-nostra.com\/en\/bio\/einzelvitae\/winnie-brueckner\/","title":{"rendered":"Winnie Br\u00fcckner &#8211; Sopran"},"content":{"rendered":"<p><img loading=\"lazy\" decoding=\"async\" class=\"size-medium wp-image-411 alignleft\" src=\"https:\/\/vox-nostra.com\/wp-content\/uploads\/sites\/3\/2017\/11\/Winnie-0127_Final-Kopie-200x300.jpg\" alt=\"\" width=\"200\" height=\"300\" srcset=\"https:\/\/vox-nostra.com\/en\/wp-content\/uploads\/sites\/3\/2017\/11\/Winnie-0127_Final-Kopie-200x300.jpg 200w, https:\/\/vox-nostra.com\/en\/wp-content\/uploads\/sites\/3\/2017\/11\/Winnie-0127_Final-Kopie-768x1152.jpg 768w, https:\/\/vox-nostra.com\/en\/wp-content\/uploads\/sites\/3\/2017\/11\/Winnie-0127_Final-Kopie-683x1024.jpg 683w, https:\/\/vox-nostra.com\/en\/wp-content\/uploads\/sites\/3\/2017\/11\/Winnie-0127_Final-Kopie-1194x1791.jpg 1194w, https:\/\/vox-nostra.com\/en\/wp-content\/uploads\/sites\/3\/2017\/11\/Winnie-0127_Final-Kopie.jpg 1365w\" sizes=\"(max-width: 200px) 100vw, 200px\" \/><\/p>\n<p><span style=\"color: #000000;\"><span style=\"font-size: small;\">Geboren in G\u00f6rlitz und aufgewachsen in Leipzig. Studierte Jazz-Gesang und Komposition in Weimar und Luzern und ist Absolventin des Studiengangs am Lichtenberger\u00ae Institut f\u00fcr angewandte Stimmphysiologie. Preistr\u00e4gerin des Leipziger Jazznachwuchs-Stipendiums und des Kompositionswettbewerbes \u201eGebt uns Noten\u201c des Helbling Verlages. <\/span><\/span><br \/>\n<span style=\"color: #000000;\"><span style=\"font-size: small;\">Gr\u00fcnderin und musikalische Leiterin des international renommierten Vokalquartetts niniwe, das zahlreiche Preise bei internationalen A-Cappella-Wettbewerben (u.a. in Graz, Tampere, Taipei, Aarhus und Seoul) gewonnen hat. <\/span><\/span><br \/>\n<span style=\"color: #000000;\"><span style=\"font-size: small;\">Als S\u00e4ngerin in verschiedensten Formationen t\u00e4tig, Zusammenarbeit und Konzerte u.a. mit Shoot The Moon, Gl\u00fccklich1, Max Andrzejewski\u00b4s H\u00fctte, Frank M\u00f6bus, Daniel Erdmann, Sebastian Studnitzky, Andrea Figallo, Nicolai Thaerichen und G\u00fcnter Baby Sommer. Konzertreisen in ganz Europa, Asien und den USA, CD-Einspielungen mit Niniwe, Shoot The Moon und Gl\u00fccklich1. Lehrt\u00e4tigkeit an der HfM \u201eFranz Liszt\u201c Weimar und an der HdPK Berlin. Zahlreiche Workshops und Masterclasses. <\/span><\/span><span style=\"color: #000000;\"><span style=\"font-size: small;\">Lebt und arbeitet als S\u00e4ngerin, Arrangeurin und Komponistin in Berlin.<\/span><\/span><\/p>\n","protected":false},"excerpt":{"rendered":"<p>Geboren in G\u00f6rlitz und aufgewachsen in Leipzig. Studierte Jazz-Gesang und Komposition in Weimar und Luzern und ist Absolventin des Studiengangs am Lichtenberger\u00ae Institut f\u00fcr angewandte Stimmphysiologie. Preistr\u00e4gerin des Leipziger Jazznachwuchs-Stipendiums und des Kompositionswettbewerbes \u201eGebt uns Noten\u201c des Helbling Verlages. Gr\u00fcnderin und musikalische Leiterin des international renommierten Vokalquartetts niniwe, das zahlreiche Preise bei internationalen A-Cappella-Wettbewerben (u.a. [&hellip;]<\/p>\n","protected":false},"author":2,"featured_media":0,"parent":69,"menu_order":0,"comment_status":"closed","ping_status":"closed","template":"","meta":{"footnotes":""},"class_list":["post-71","page","type-page","status-publish","hentry"],"_links":{"self":[{"href":"https:\/\/vox-nostra.com\/en\/wp-json\/wp\/v2\/pages\/71"}],"collection":[{"href":"https:\/\/vox-nostra.com\/en\/wp-json\/wp\/v2\/pages"}],"about":[{"href":"https:\/\/vox-nostra.com\/en\/wp-json\/wp\/v2\/types\/page"}],"author":[{"embeddable":true,"href":"https:\/\/vox-nostra.com\/en\/wp-json\/wp\/v2\/users\/2"}],"replies":[{"embeddable":true,"href":"https:\/\/vox-nostra.com\/en\/wp-json\/wp\/v2\/comments?post=71"}],"version-history":[{"count":17,"href":"https:\/\/vox-nostra.com\/en\/wp-json\/wp\/v2\/pages\/71\/revisions"}],"predecessor-version":[{"id":425,"href":"https:\/\/vox-nostra.com\/en\/wp-json\/wp\/v2\/pages\/71\/revisions\/425"}],"up":[{"embeddable":true,"href":"https:\/\/vox-nostra.com\/en\/wp-json\/wp\/v2\/pages\/69"}],"wp:attachment":[{"href":"https:\/\/vox-nostra.com\/en\/wp-json\/wp\/v2\/media?parent=71"}],"curies":[{"name":"wp","href":"https:\/\/api.w.org\/{rel}","templated":true}]}}