{"id":568,"date":"2018-04-05T10:44:30","date_gmt":"2018-04-05T10:44:30","guid":{"rendered":"https:\/\/vox-nostra.com\/?post_type=product&#038;p=568"},"modified":"2018-04-05T12:01:30","modified_gmt":"2018-04-05T12:01:30","slug":"also-heylig-ist-der-dag","status":"publish","type":"product","link":"https:\/\/vox-nostra.com\/en\/produkt\/also-heylig-ist-der-dag\/","title":{"rendered":"also heylig ist der dag"},"content":{"rendered":"<p>Auf Initiative der Stiftung\u00a0Kloster Dalheim\u00a0ist gemeinsam mit dem Berliner Vokalensemble\u00a0Vox Nostra\u00a0in der Dalheimer Klosterkirche eine Ersteinspielung von M\u00f6nchsges\u00e4ngen des 15. Jahrhunderts entstanden, deren Ursprung auch auf das Kloster Dalheim verweist.\u00a0Die Ges\u00e4nge sind Teil einer mittelalterlichen Handschrift aus einem Schwesterkloster Dalheims, dem Augustiner-Chorherrenstift Eberhardsklausen bei Trier, das ebenso wie Dalheim der Windesheimer Kongregation, einer sp\u00e4tmittelalterlichen Reformbewegung, angeh\u00f6rte und sich der Fr\u00f6mmigkeitsbewegung \u201eDevotio moderna\u201c verpflichtet f\u00fchlte<\/p>\n","protected":false},"excerpt":{"rendered":"[playlist ids=\"567,564,565\"]\n","protected":false},"featured_media":544,"template":"","meta":[],"product_brand":[],"product_cat":[34],"product_tag":[],"class_list":{"0":"post-568","1":"product","2":"type-product","3":"status-publish","4":"has-post-thumbnail","6":"product_cat-unkategorisiert","8":"first","9":"instock","10":"taxable","11":"shipping-taxable","12":"purchasable","13":"product-type-simple"},"_links":{"self":[{"href":"https:\/\/vox-nostra.com\/en\/wp-json\/wp\/v2\/product\/568"}],"collection":[{"href":"https:\/\/vox-nostra.com\/en\/wp-json\/wp\/v2\/product"}],"about":[{"href":"https:\/\/vox-nostra.com\/en\/wp-json\/wp\/v2\/types\/product"}],"wp:featuredmedia":[{"embeddable":true,"href":"https:\/\/vox-nostra.com\/en\/wp-json\/wp\/v2\/media\/544"}],"wp:attachment":[{"href":"https:\/\/vox-nostra.com\/en\/wp-json\/wp\/v2\/media?parent=568"}],"wp:term":[{"taxonomy":"product_brand","embeddable":true,"href":"https:\/\/vox-nostra.com\/en\/wp-json\/wp\/v2\/product_brand?post=568"},{"taxonomy":"product_cat","embeddable":true,"href":"https:\/\/vox-nostra.com\/en\/wp-json\/wp\/v2\/product_cat?post=568"},{"taxonomy":"product_tag","embeddable":true,"href":"https:\/\/vox-nostra.com\/en\/wp-json\/wp\/v2\/product_tag?post=568"}],"curies":[{"name":"wp","href":"https:\/\/api.w.org\/{rel}","templated":true}]}}