{"id":587,"date":"2018-04-05T12:21:42","date_gmt":"2018-04-05T12:21:42","guid":{"rendered":"https:\/\/vox-nostra.com\/?post_type=product&#038;p=587"},"modified":"2018-04-05T12:29:30","modified_gmt":"2018-04-05T12:29:30","slug":"veri-solis-radius","status":"publish","type":"product","link":"https:\/\/vox-nostra.com\/en\/produkt\/veri-solis-radius\/","title":{"rendered":"Veri solis radius"},"content":{"rendered":"<p>Musikalische Netzwerke im mittelalterlichen Europa aufzuzeigen, ist das Motiv hinter diesem Konzertmitschnitt. Ges\u00e4nge aus Musikhandschriften waren im Mittelalter ein gefragtes Gut und wurden auf vielf\u00e4ltige Weise durch ganz Europa verbreitet durch m\u00fcndliche \u00dcberlieferung oder in Abschriften.<\/p>\n","protected":false},"excerpt":{"rendered":"[playlist ids=\"588,589\"]\n","protected":false},"featured_media":585,"template":"","meta":[],"product_brand":[],"product_cat":[34],"product_tag":[],"class_list":{"0":"post-587","1":"product","2":"type-product","3":"status-publish","4":"has-post-thumbnail","6":"product_cat-unkategorisiert","8":"first","9":"instock","10":"taxable","11":"shipping-taxable","12":"purchasable","13":"product-type-simple"},"_links":{"self":[{"href":"https:\/\/vox-nostra.com\/en\/wp-json\/wp\/v2\/product\/587"}],"collection":[{"href":"https:\/\/vox-nostra.com\/en\/wp-json\/wp\/v2\/product"}],"about":[{"href":"https:\/\/vox-nostra.com\/en\/wp-json\/wp\/v2\/types\/product"}],"wp:featuredmedia":[{"embeddable":true,"href":"https:\/\/vox-nostra.com\/en\/wp-json\/wp\/v2\/media\/585"}],"wp:attachment":[{"href":"https:\/\/vox-nostra.com\/en\/wp-json\/wp\/v2\/media?parent=587"}],"wp:term":[{"taxonomy":"product_brand","embeddable":true,"href":"https:\/\/vox-nostra.com\/en\/wp-json\/wp\/v2\/product_brand?post=587"},{"taxonomy":"product_cat","embeddable":true,"href":"https:\/\/vox-nostra.com\/en\/wp-json\/wp\/v2\/product_cat?post=587"},{"taxonomy":"product_tag","embeddable":true,"href":"https:\/\/vox-nostra.com\/en\/wp-json\/wp\/v2\/product_tag?post=587"}],"curies":[{"name":"wp","href":"https:\/\/api.w.org\/{rel}","templated":true}]}}